

{"id":2838,"date":"2022-01-27T17:52:34","date_gmt":"2022-01-27T16:52:34","guid":{"rendered":"https:\/\/schore-pintli.ch\/shop\/?page_id=2838"},"modified":"2025-05-21T21:04:35","modified_gmt":"2025-05-21T19:04:35","slug":"info","status":"publish","type":"page","link":"https:\/\/schore-pintli.ch\/shop\/info\/","title":{"rendered":"ESSEN BESTELLEN"},"content":{"rendered":"\n<div class=\"wp-block-columns is-layout-flex wp-container-core-columns-is-layout-9d6595d7 wp-block-columns-is-layout-flex\">\n<div class=\"wp-block-column is-layout-flow wp-block-column-is-layout-flow\">\n<p>Von der gutb\u00fcrgerlichen K\u00fcche mit heissem Stein \u00fcber&nbsp;Cordon bleu bis zu beliebten italienischen Gerichten wie Antipasti, Pizza, Pasta, Risotto, Polenta u.v.m.<\/p>\n\n\n\n<h2 class=\"wp-block-heading\" id=\"gerichte-in-restaurantqualitat-fur-zuhause\">Gerichte in Restaurantqualit\u00e4t f\u00fcr Zuhause<\/h2>\n<\/div>\n<\/div>\n\n\n\n<div class=\"wp-block-buttons is-layout-flex wp-block-buttons-is-layout-flex\"><\/div>\n\n\n\n<div class=\"wp-block-columns is-layout-flex wp-container-core-columns-is-layout-9d6595d7 wp-block-columns-is-layout-flex\">\n<div class=\"wp-block-column is-layout-flow wp-block-column-is-layout-flow\">\n<div class=\"wp-block-media-text alignwide is-stacked-on-mobile has-background\" style=\"background-color:#f2dfcb;grid-template-columns:25% auto\"><figure class=\"wp-block-media-text__media\"><img loading=\"lazy\" decoding=\"async\" width=\"809\" height=\"467\" src=\"https:\/\/schore-pintli.ch\/shop\/wp-content\/uploads\/2022\/01\/delivery.png\" alt=\"\" class=\"wp-image-2967 size-full\" srcset=\"https:\/\/schore-pintli.ch\/shop\/wp-content\/uploads\/2022\/01\/delivery.png 809w, https:\/\/schore-pintli.ch\/shop\/wp-content\/uploads\/2022\/01\/delivery-300x173.png 300w, https:\/\/schore-pintli.ch\/shop\/wp-content\/uploads\/2022\/01\/delivery-768x443.png 768w, https:\/\/schore-pintli.ch\/shop\/wp-content\/uploads\/2022\/01\/delivery-600x346.png 600w\" sizes=\"auto, (max-width: 809px) 100vw, 809px\" \/><\/figure><div class=\"wp-block-media-text__content\">\n<p class=\"has-vivid-red-color has-text-color has-medium-font-size\"><strong>Lieferzeiten:<\/strong><\/p>\n\n\n\n<p><strong>Montag<\/strong><\/p>\n\n\n\n<p>Geschlossen<strong><br><\/strong><br><strong>Di.- Do<\/strong>.<br>11:00 &#8211; 13:45 Uhr<br>17:00 &#8211; 22:00 Uhr<br><br><strong>Fr<\/strong>.<br>11:00 &#8211; 13:45 Uhr<br>17:00 &#8211; 22:30Uhr<br><br><strong>Sa.<\/strong><\/p>\n\n\n\n<p>11:00 &#8211; 22:30Uhr<\/p>\n\n\n\n<p><strong>So.<\/strong> <br>11:00 &#8211; 22:00Uhr<\/p>\n<\/div><\/div>\n<\/div>\n\n\n\n<div class=\"wp-block-column is-layout-flow wp-block-column-is-layout-flow\">\n<div class=\"wp-block-media-text alignwide is-stacked-on-mobile has-background\" style=\"background-color:#f2dfcb;grid-template-columns:18% auto\"><figure class=\"wp-block-media-text__media\"><img loading=\"lazy\" decoding=\"async\" width=\"196\" height=\"264\" src=\"https:\/\/schore-pintli.ch\/shop\/wp-content\/uploads\/2022\/02\/logo.png\" alt=\"\" class=\"wp-image-3225 size-full\"\/><\/figure><div class=\"wp-block-media-text__content\">\n<p class=\"has-vivid-red-color has-text-color has-medium-font-size\"><strong>\u00d6ffnungszeiten<\/strong> &#8211; <strong>Take Away<\/strong><\/p>\n\n\n\n<p><strong>Montag<\/strong><br><br>Geschlossen<br><br><strong>Di.- Do<\/strong>. <\/p>\n\n\n\n<p>10:00 &#8211; 14:00 Uhr&nbsp;<br>17:00 &#8211; 22:00Uhr<\/p>\n\n\n\n<p> <strong>Fr. <\/strong> <br>10:00 &#8211; 14:00 Uhr 17:00 &#8211; 22:30 Uhr <\/p>\n\n\n\n<p><strong>Sa. <\/strong><\/p>\n\n\n\n<p>10:00 &#8211; 22:30 Uhr <\/p>\n\n\n\n<p><strong>So.<\/strong> <\/p>\n\n\n\n<p>10:00 &#8211; 22:00Uhr<\/p>\n<\/div><\/div>\n<\/div>\n<\/div>\n\n\n\n<p class=\"has-background\" style=\"background-color:#fff5d8;font-size:16px\"><strong><mark style=\"background-color:rgba(0, 0, 0, 0)\" class=\"has-inline-color has-vivid-red-color\">LIEFERZONEN:<\/mark><\/strong><br><mark style=\"background-color:rgba(0, 0, 0, 0);color:#006734\" class=\"has-inline-color\"><strong>Zone 1 &#8211; ab CHF 20.00<\/strong><\/mark> 4900, 4922, 4922, 4916, 4924, 4932<br><mark style=\"background-color:rgba(0, 0, 0, 0)\" class=\"has-inline-color has-luminous-vivid-orange-color\"><strong>Zone 2 &#8211; ab CHF 25.00<\/strong><\/mark> 4912, 4914, 3368, 4923, 4932, 4915, 4911<br><mark style=\"background-color:rgba(0, 0, 0, 0)\" class=\"has-inline-color has-vivid-cyan-blue-color\"><strong>Zone 3 &#8211; ab CHF 30.00<\/strong><\/mark> 3366, 4933, 3360, 4853, 4934, 3367, 3363, 3362<br><mark style=\"background-color:rgba(0, 0, 0, 0)\" class=\"has-inline-color has-vivid-purple-color\"><strong>Zone 4 &#8211; ab CHF 50.00<\/strong><\/mark> 4629,4628,3366,4917<\/p>\n\n\n\n<hr class=\"wp-block-separator has-css-opacity is-style-wide\"\/>\n\n\n\n<div class=\"wp-block-columns is-layout-flex wp-container-core-columns-is-layout-9d6595d7 wp-block-columns-is-layout-flex\">\n<div class=\"wp-block-column has-vivid-red-color has-text-color has-background is-layout-flow wp-block-column-is-layout-flow\" style=\"background-color:#f2dfcb\">\n<figure class=\"wp-block-pullquote\"><blockquote><p><mark style=\"background-color:rgba(0, 0, 0, 0)\" class=\"has-inline-color has-vivid-red-color\"><strong>BEI BESTELLUNGEN AB Fr.60.- ERHALTEN SIE<\/strong><br><strong>1\/2 FLASCHE WEIN ODER 1 SOFTGETR\u00c4NK 1.5L GRATIS<\/strong><\/mark><\/p><cite>Vermerken Sie Ihre Lieblings-Getr\u00e4nke an der kasse (unter bemerkungen) die bei uns Verf\u00fcgbar sind!<\/cite><\/blockquote><\/figure>\n<\/div>\n<\/div>\n\n\n\n<div class=\"wp-block-columns is-layout-flex wp-container-core-columns-is-layout-9d6595d7 wp-block-columns-is-layout-flex\">\n<div class=\"wp-block-column is-layout-flow wp-block-column-is-layout-flow\">\n<div class=\"wp-block-buttons is-layout-flex wp-block-buttons-is-layout-flex\"><\/div>\n<\/div>\n<\/div>\n","protected":false},"excerpt":{"rendered":"<p>Von der gutb\u00fcrgerlichen K\u00fcche mit heissem Stein \u00fcber&nbsp;Cordon bleu bis zu beliebten italienischen Gerichten wie Antipasti, Pizza, Pasta, Risotto, Polenta u.v.m. Gerichte in Restaurantqualit\u00e4t f\u00fcr Zuhause Lieferzeiten: Montag GeschlossenDi.- Do.11:00 &#8211; 13:45 Uhr17:00 &#8211; 22:00 Uhr Fr.11:00 &#8211; 13:45 Uhr17:00 &#8211; 22:30Uhr Sa. 11:00 &#8211; 22:30Uhr So. 11:00 &#8211; 22:00Uhr \u00d6ffnungszeiten &#8211; Take Away Montag [&hellip;]<\/p>\n","protected":false},"author":1,"featured_media":0,"parent":0,"menu_order":0,"comment_status":"closed","ping_status":"closed","template":"","meta":{"footnotes":""},"class_list":["post-2838","page","type-page","status-publish","hentry"],"jetpack_sharing_enabled":true,"_links":{"self":[{"href":"https:\/\/schore-pintli.ch\/shop\/wp-json\/wp\/v2\/pages\/2838","targetHints":{"allow":["GET"]}}],"collection":[{"href":"https:\/\/schore-pintli.ch\/shop\/wp-json\/wp\/v2\/pages"}],"about":[{"href":"https:\/\/schore-pintli.ch\/shop\/wp-json\/wp\/v2\/types\/page"}],"author":[{"embeddable":true,"href":"https:\/\/schore-pintli.ch\/shop\/wp-json\/wp\/v2\/users\/1"}],"replies":[{"embeddable":true,"href":"https:\/\/schore-pintli.ch\/shop\/wp-json\/wp\/v2\/comments?post=2838"}],"version-history":[{"count":143,"href":"https:\/\/schore-pintli.ch\/shop\/wp-json\/wp\/v2\/pages\/2838\/revisions"}],"predecessor-version":[{"id":4990,"href":"https:\/\/schore-pintli.ch\/shop\/wp-json\/wp\/v2\/pages\/2838\/revisions\/4990"}],"wp:attachment":[{"href":"https:\/\/schore-pintli.ch\/shop\/wp-json\/wp\/v2\/media?parent=2838"}],"curies":[{"name":"wp","href":"https:\/\/api.w.org\/{rel}","templated":true}]}}